{"id":10756,"date":"2024-03-27T13:02:42","date_gmt":"2024-03-27T13:02:42","guid":{"rendered":"https:\/\/www.sixt.de\/magazine\/?page_id=10756"},"modified":"2024-10-16T09:11:49","modified_gmt":"2024-10-16T09:11:49","slug":"sixt-expansion-wir-suchen-neue-standorte","status":"publish","type":"page","link":"https:\/\/www.sixt.de\/magazine\/sixt-expansion-wir-suchen-neue-standorte\/","title":{"rendered":"SIXT EXPANSION &#8211; WIR SUCHEN NEUE STANDORTE"},"content":{"rendered":"<div class=\"wp-block-image\">\n<figure class=\"aligncenter size-large\"><img decoding=\"async\" width=\"1024\" height=\"683\" data-src=\"https:\/\/www.sixt.de\/magazine\/wp-content\/uploads\/\/sites\/2\/2024\/03\/Sixt-Banner-fuer-Expansions-Website-1024x683.jpg\" alt=\"\" class=\"wp-image-10757 lazyload\" data-srcset=\"https:\/\/www.sixt.de\/magazine\/wp-content\/uploads\/\/sites\/2\/2024\/03\/Sixt-Banner-fuer-Expansions-Website-1024x683.jpg 1024w, https:\/\/www.sixt.de\/magazine\/wp-content\/uploads\/\/sites\/2\/2024\/03\/Sixt-Banner-fuer-Expansions-Website-300x200.jpg 300w, https:\/\/www.sixt.de\/magazine\/wp-content\/uploads\/\/sites\/2\/2024\/03\/Sixt-Banner-fuer-Expansions-Website-768x512.jpg 768w, https:\/\/www.sixt.de\/magazine\/wp-content\/uploads\/\/sites\/2\/2024\/03\/Sixt-Banner-fuer-Expansions-Website.jpg 1200w\" data-sizes=\"(max-width: 1024px) 100vw, 1024px\" src=\"data:image\/svg+xml;base64,PHN2ZyB3aWR0aD0iMSIgaGVpZ2h0PSIxIiB4bWxucz0iaHR0cDovL3d3dy53My5vcmcvMjAwMC9zdmciPjwvc3ZnPg==\" style=\"--smush-placeholder-width: 1024px; --smush-placeholder-aspect-ratio: 1024\/683;\" \/><\/figure><\/div>\n\n\n<p><\/p>\n\n\n\n<p>SIXT ist ein weltweit agierender Mobilit\u00e4tskonzern mit \u00fcber 2.000 Stationen in 105&nbsp;L\u00e4ndern. <\/p>\n\n\n\n<p>In unserem Heimatmarkt Deutschland m\u00f6chten wir weiter expandieren und suchen&nbsp;hierf\u00fcr geeignete Immobilien.<\/p>\n\n\n\n<h2 class=\"wp-block-heading\"><strong>Was wir suchen:<\/strong><\/h2>\n\n\n\n<ul class=\"wp-block-list\">\n<li>Standorte in verkehrsg\u00fcnstiger und sichtbarer Lage\u200b<\/li>\n\n\n\n<li>Unmittelbare N\u00e4he zu \u00d6PNV\u200b<\/li>\n\n\n\n<li>Ladenfl\u00e4chen ab ca. 80 qm mit ca. 10-30 Stellpl\u00e4tzen in direkter Umgebung&nbsp;(Gehweg &lt; 3 Minuten)&nbsp; &#8211; nicht zwingend vom gleichen Vermieter\u200b<\/li>\n\n\n\n<li>Innenst\u00e4dtische Freifl\u00e4chen ab 1.000qm f\u00fcr den Bau von Parkpl\u00e4tzen und&nbsp;einem&nbsp;Vermietpavillon\u200b<\/li>\n\n\n\n<li>Autoaffine Standorte wie bspw. ehemalige Autoh\u00e4user, Tankstellen oder&nbsp;Werkst\u00e4tten, befestigte Freifl\u00e4chen<\/li>\n<\/ul>\n\n\n\n<h2 class=\"wp-block-heading\"><strong>Was wir bieten:<\/strong><\/h2>\n\n\n\n<ul class=\"wp-block-list\">\n<li>Verl\u00e4sslichkeit\u200b<\/li>\n\n\n\n<li>Schnelle und unkomplizierte Abwicklung\u200b<\/li>\n\n\n\n<li>Langfristiges und vertrauensvolles Mietverh\u00e4ltnis<\/li>\n<\/ul>\n\n\n\n<h2 class=\"wp-block-heading\"><strong>Wo wir suchen:<\/strong><\/h2>\n\n\n\n<p>Grunds\u00e4tzlich sind alle&nbsp; Metropolen &gt; 100.000 Einwohner f\u00fcr uns interessant.&nbsp;Ganz spezifisch suchen wir aktuell in:<\/p>\n\n\n\n<p><strong>Bayern<\/strong>\u200b<\/p>\n\n\n\n<ul class=\"wp-block-list\">\n<li>M\u00fcnchen Nord\u200b<\/li>\n<\/ul>\n\n\n\n<p><strong>Baden-W\u00fcrttemberg<\/strong>\u200b<\/p>\n\n\n\n<ul class=\"wp-block-list\">\n<li>Stuttgart Feuerbach<\/li>\n<\/ul>\n\n\n\n<p><strong>Berlin<\/strong>\u200b<\/p>\n\n\n\n<ul class=\"wp-block-list\">\n<li>Neuk\u00f6lln\u200b<\/li>\n\n\n\n<li>Prenzlauer Berg \/ Pankow\u200b<\/li>\n\n\n\n<li>Zehlendorf<\/li>\n<\/ul>\n\n\n\n<p><strong>Hamburg<\/strong>\u200b<\/p>\n\n\n\n<ul class=\"wp-block-list\">\n<li>Altona\u200b<\/li>\n\n\n\n<li>Bergedorf\u200b<\/li>\n\n\n\n<li>Eppendorf<\/li>\n<\/ul>\n\n\n\n<p><strong>Hessen<\/strong>\u200b<\/p>\n\n\n\n<ul class=\"wp-block-list\">\n<li>Bad Homburg\u200b<\/li>\n\n\n\n<li>Frankfurt\u200b<\/li>\n\n\n\n<li>Offenbach bei Frankfurt\u200b<\/li>\n<\/ul>\n\n\n\n<p><strong>Niedersachsen\u2003\u2003\u2003\u2003\u2003\u2003\u2003\u2003\u2003\u2003\u2003\u2003\u2003\u2003\u2003\u2003\u2003\u2003\u2003\u2003\u2003\u2003\u2003<\/strong>\u200b<\/p>\n\n\n\n<ul class=\"wp-block-list\">\n<li>Hannover D\u00f6hren-W\u00fclfel\u200b<\/li>\n\n\n\n<li>Hannover Linden\u200b<\/li>\n<\/ul>\n\n\n\n<p><strong>NRW<\/strong>\u200b<\/p>\n\n\n\n<ul class=\"wp-block-list\">\n<li>Aachen\u200b<\/li>\n\n\n\n<li>Dortmund S\u00fcd\u200b<\/li>\n\n\n\n<li>D\u00fcsseldorf Benrath\u200b<\/li>\n\n\n\n<li>D\u00fcsseldorf Hafen\u200b<\/li>\n\n\n\n<li>D\u00fcsseldorf Oberkassel\u200b<\/li>\n\n\n\n<li>Essen S\u00fcd\u200b<\/li>\n\n\n\n<li>K\u00f6ln Hohlweide\u200b<\/li>\n\n\n\n<li>K\u00f6ln S\u00fcdstadt\u00a0\u200b\/ Neustadt S\u00fcd<\/li>\n<\/ul>\n\n\n\n<p><strong>Sachsen<\/strong>\u200b\u200b<\/p>\n\n\n\n<ul class=\"wp-block-list\">\n<li>Dresden Neustadt\u200b<\/li>\n\n\n\n<li>Leipzig<\/li>\n\n\n\n<li>Zwickau<\/li>\n<\/ul>\n\n\n\n<p><strong>Haben Sie ein passendes Objekt f\u00fcr uns?&nbsp;<\/strong>\u200b<\/p>\n\n\n\n<p><strong>Dann schreiben Sie uns gerne unter&nbsp;<\/strong><a href=\"mailto:expansion.DE@sixt.com\" target=\"_blank\" rel=\"noreferrer noopener\"><strong>expansion.DE@sixt.com<\/strong><\/a><strong><\/strong>\u200b<\/p>\n\n\n\n<figure class=\"wp-block-gallery has-nested-images columns-default is-cropped wp-block-gallery-1 is-layout-flex wp-block-gallery-is-layout-flex\">\n<figure class=\"wp-block-image size-large\"><img decoding=\"async\" width=\"1024\" height=\"775\" data-id=\"10758\" data-src=\"https:\/\/www.sixt.de\/magazine\/wp-content\/uploads\/\/sites\/2\/2024\/03\/Beispiel-Station-3-1024x775.jpg\" alt=\"\" class=\"wp-image-10758 lazyload\" data-srcset=\"https:\/\/www.sixt.de\/magazine\/wp-content\/uploads\/\/sites\/2\/2024\/03\/Beispiel-Station-3-1024x775.jpg 1024w, https:\/\/www.sixt.de\/magazine\/wp-content\/uploads\/\/sites\/2\/2024\/03\/Beispiel-Station-3-300x227.jpg 300w, https:\/\/www.sixt.de\/magazine\/wp-content\/uploads\/\/sites\/2\/2024\/03\/Beispiel-Station-3-768x581.jpg 768w, https:\/\/www.sixt.de\/magazine\/wp-content\/uploads\/\/sites\/2\/2024\/03\/Beispiel-Station-3.jpg 1312w\" data-sizes=\"(max-width: 1024px) 100vw, 1024px\" src=\"data:image\/svg+xml;base64,PHN2ZyB3aWR0aD0iMSIgaGVpZ2h0PSIxIiB4bWxucz0iaHR0cDovL3d3dy53My5vcmcvMjAwMC9zdmciPjwvc3ZnPg==\" style=\"--smush-placeholder-width: 1024px; --smush-placeholder-aspect-ratio: 1024\/775;\" \/><\/figure>\n\n\n\n<figure class=\"wp-block-image size-large\"><img decoding=\"async\" width=\"1024\" height=\"749\" data-id=\"10759\" data-src=\"https:\/\/www.sixt.de\/magazine\/wp-content\/uploads\/\/sites\/2\/2024\/03\/Beispiel-Station-2-1024x749.jpg\" alt=\"\" class=\"wp-image-10759 lazyload\" data-srcset=\"https:\/\/www.sixt.de\/magazine\/wp-content\/uploads\/\/sites\/2\/2024\/03\/Beispiel-Station-2-1024x749.jpg 1024w, https:\/\/www.sixt.de\/magazine\/wp-content\/uploads\/\/sites\/2\/2024\/03\/Beispiel-Station-2-300x220.jpg 300w, https:\/\/www.sixt.de\/magazine\/wp-content\/uploads\/\/sites\/2\/2024\/03\/Beispiel-Station-2-768x562.jpg 768w, https:\/\/www.sixt.de\/magazine\/wp-content\/uploads\/\/sites\/2\/2024\/03\/Beispiel-Station-2.jpg 1432w\" data-sizes=\"(max-width: 1024px) 100vw, 1024px\" src=\"data:image\/svg+xml;base64,PHN2ZyB3aWR0aD0iMSIgaGVpZ2h0PSIxIiB4bWxucz0iaHR0cDovL3d3dy53My5vcmcvMjAwMC9zdmciPjwvc3ZnPg==\" style=\"--smush-placeholder-width: 1024px; --smush-placeholder-aspect-ratio: 1024\/749;\" \/><\/figure>\n\n\n<\/figure>\n<!-- AddThis Advanced Settings generic via filter on the_content --><!-- AddThis Share Buttons generic via filter on the_content -->","protected":false},"excerpt":{"rendered":"<p>SIXT ist ein weltweit agierender Mobilit\u00e4tskonzern mit \u00fcber 2.000 Stationen in 105&nbsp;L\u00e4ndern. In unserem Heimatmarkt Deutschland m\u00f6chten wir weiter expandieren und suchen&nbsp;hierf\u00fcr geeignete Immobilien. Was wir suchen: Was wir bieten: Wo wir suchen: Grunds\u00e4tzlich sind alle&nbsp; Metropolen &gt; 100.000 Einwohner f\u00fcr uns interessant.&nbsp;Ganz spezifisch suchen wir aktuell in: Bayern\u200b Baden-W\u00fcrttemberg\u200b Berlin\u200b Hamburg\u200b Hessen\u200b Niedersachsen\u2003\u2003\u2003\u2003\u2003\u2003\u2003\u2003\u2003\u2003\u2003\u2003\u2003\u2003\u2003\u2003\u2003\u2003\u2003\u2003\u2003\u2003\u2003\u200b NRW\u200b&#8230;<!-- AddThis Advanced Settings generic via filter on get_the_excerpt --><!-- AddThis Share Buttons generic via filter on get_the_excerpt --><\/p>\n","protected":false},"author":10,"featured_media":10757,"parent":0,"menu_order":0,"comment_status":"closed","ping_status":"closed","template":"","meta":{"_genesis_hide_title":false,"_genesis_hide_breadcrumbs":false,"_genesis_hide_singular_image":false,"_genesis_hide_footer_widgets":false,"_genesis_custom_body_class":"","_genesis_custom_post_class":"","_genesis_layout":"","ngg_post_thumbnail":0,"footnotes":""},"class_list":{"0":"post-10756","1":"page","2":"type-page","3":"status-publish","4":"has-post-thumbnail","6":"entry"},"yoast_head":"<!-- This site is optimized with the Yoast SEO plugin v27.1.1 - https:\/\/yoast.com\/product\/yoast-seo-wordpress\/ -->\n<title>SIXT EXPANSION - WIR SUCHEN NEUE STANDORTE - Sixt Magazine<\/title>\n<meta name=\"description\" content=\"Sixt ist ein weltweit agierender Mobilit\u00e4tskonzern mit \u00fcber 2.000 Stationen in 105 L\u00e4ndern. \u200bIn unserem Heimatmarkt Deutschland m\u00f6chten wir weiter expandieren und suchen hierf\u00fcr geeignete Immobilien.\" \/>\n<meta name=\"robots\" content=\"index, follow, max-snippet:-1, max-image-preview:large, max-video-preview:-1\" \/>\n<link rel=\"canonical\" href=\"https:\/\/www.sixt.de\/magazine\/sixt-expansion-wir-suchen-neue-standorte\/\" \/>\n<meta property=\"og:locale\" content=\"de_DE\" \/>\n<meta property=\"og:type\" content=\"article\" \/>\n<meta property=\"og:title\" content=\"SIXT EXPANSION - WIR SUCHEN NEUE STANDORTE - Sixt Magazine\" \/>\n<meta property=\"og:description\" content=\"Sixt ist ein weltweit agierender Mobilit\u00e4tskonzern mit \u00fcber 2.000 Stationen in 105 L\u00e4ndern. \u200bIn unserem Heimatmarkt Deutschland m\u00f6chten wir weiter expandieren und suchen hierf\u00fcr geeignete Immobilien.\" \/>\n<meta property=\"og:url\" content=\"https:\/\/www.sixt.de\/magazine\/sixt-expansion-wir-suchen-neue-standorte\/\" \/>\n<meta property=\"og:site_name\" content=\"Sixt Magazine\" \/>\n<meta property=\"article:modified_time\" content=\"2024-10-16T09:11:49+00:00\" \/>\n<meta property=\"og:image\" content=\"https:\/\/www.sixt.de\/magazine\/wp-content\/uploads\/\/sites\/2\/2024\/03\/Sixt-Banner-fuer-Expansions-Website.jpg\" \/>\n\t<meta property=\"og:image:width\" content=\"1200\" \/>\n\t<meta property=\"og:image:height\" content=\"800\" \/>\n\t<meta property=\"og:image:type\" content=\"image\/jpeg\" \/>\n<meta name=\"twitter:card\" content=\"summary_large_image\" \/>\n<meta name=\"twitter:label1\" content=\"Gesch\u00e4tzte Lesezeit\" \/>\n\t<meta name=\"twitter:data1\" content=\"3\u00a0Minuten\" \/>\n<!-- \/ Yoast SEO plugin. -->","yoast_head_json":{"title":"SIXT EXPANSION - WIR SUCHEN NEUE STANDORTE - Sixt Magazine","description":"Sixt ist ein weltweit agierender Mobilit\u00e4tskonzern mit \u00fcber 2.000 Stationen in 105 L\u00e4ndern. \u200bIn unserem Heimatmarkt Deutschland m\u00f6chten wir weiter expandieren und suchen hierf\u00fcr geeignete Immobilien.","robots":{"index":"index","follow":"follow","max-snippet":"max-snippet:-1","max-image-preview":"max-image-preview:large","max-video-preview":"max-video-preview:-1"},"canonical":"https:\/\/www.sixt.de\/magazine\/sixt-expansion-wir-suchen-neue-standorte\/","og_locale":"de_DE","og_type":"article","og_title":"SIXT EXPANSION - WIR SUCHEN NEUE STANDORTE - Sixt Magazine","og_description":"Sixt ist ein weltweit agierender Mobilit\u00e4tskonzern mit \u00fcber 2.000 Stationen in 105 L\u00e4ndern. \u200bIn unserem Heimatmarkt Deutschland m\u00f6chten wir weiter expandieren und suchen hierf\u00fcr geeignete Immobilien.","og_url":"https:\/\/www.sixt.de\/magazine\/sixt-expansion-wir-suchen-neue-standorte\/","og_site_name":"Sixt Magazine","article_modified_time":"2024-10-16T09:11:49+00:00","og_image":[{"width":1200,"height":800,"url":"https:\/\/www.sixt.de\/magazine\/wp-content\/uploads\/\/sites\/2\/2024\/03\/Sixt-Banner-fuer-Expansions-Website.jpg","type":"image\/jpeg"}],"twitter_card":"summary_large_image","twitter_misc":{"Gesch\u00e4tzte Lesezeit":"3\u00a0Minuten"},"schema":{"@context":"https:\/\/schema.org","@graph":[{"@type":"WebPage","@id":"https:\/\/www.sixt.de\/magazine\/sixt-expansion-wir-suchen-neue-standorte\/","url":"https:\/\/www.sixt.de\/magazine\/sixt-expansion-wir-suchen-neue-standorte\/","name":"SIXT EXPANSION - WIR SUCHEN NEUE STANDORTE - Sixt Magazine","isPartOf":{"@id":"https:\/\/www.sixt.de\/magazine\/#website"},"primaryImageOfPage":{"@id":"https:\/\/www.sixt.de\/magazine\/sixt-expansion-wir-suchen-neue-standorte\/#primaryimage"},"image":{"@id":"https:\/\/www.sixt.de\/magazine\/sixt-expansion-wir-suchen-neue-standorte\/#primaryimage"},"thumbnailUrl":"https:\/\/www.sixt.de\/magazine\/wp-content\/uploads\/\/sites\/2\/2024\/03\/Sixt-Banner-fuer-Expansions-Website.jpg","datePublished":"2024-03-27T13:02:42+00:00","dateModified":"2024-10-16T09:11:49+00:00","description":"Sixt ist ein weltweit agierender Mobilit\u00e4tskonzern mit \u00fcber 2.000 Stationen in 105 L\u00e4ndern. \u200bIn unserem Heimatmarkt Deutschland m\u00f6chten wir weiter expandieren und suchen hierf\u00fcr geeignete Immobilien.","breadcrumb":{"@id":"https:\/\/www.sixt.de\/magazine\/sixt-expansion-wir-suchen-neue-standorte\/#breadcrumb"},"inLanguage":"de","potentialAction":[{"@type":"ReadAction","target":["https:\/\/www.sixt.de\/magazine\/sixt-expansion-wir-suchen-neue-standorte\/"]}]},{"@type":"ImageObject","inLanguage":"de","@id":"https:\/\/www.sixt.de\/magazine\/sixt-expansion-wir-suchen-neue-standorte\/#primaryimage","url":"https:\/\/www.sixt.de\/magazine\/wp-content\/uploads\/\/sites\/2\/2024\/03\/Sixt-Banner-fuer-Expansions-Website.jpg","contentUrl":"https:\/\/www.sixt.de\/magazine\/wp-content\/uploads\/\/sites\/2\/2024\/03\/Sixt-Banner-fuer-Expansions-Website.jpg","width":1200,"height":800},{"@type":"BreadcrumbList","@id":"https:\/\/www.sixt.de\/magazine\/sixt-expansion-wir-suchen-neue-standorte\/#breadcrumb","itemListElement":[{"@type":"ListItem","position":1,"name":"Startseite","item":"https:\/\/www.sixt.de\/magazine\/"},{"@type":"ListItem","position":2,"name":"SIXT EXPANSION &#8211; WIR SUCHEN NEUE STANDORTE"}]},{"@type":"WebSite","@id":"https:\/\/www.sixt.de\/magazine\/#website","url":"https:\/\/www.sixt.de\/magazine\/","name":"SIXT Magazine","description":"Ratgeber &amp; Reisetipps von deinem Mobilit\u00e4tspartner SIXT","potentialAction":[{"@type":"SearchAction","target":{"@type":"EntryPoint","urlTemplate":"https:\/\/www.sixt.de\/magazine\/?s={search_term_string}"},"query-input":{"@type":"PropertyValueSpecification","valueRequired":true,"valueName":"search_term_string"}}],"inLanguage":"de"}]}},"_links":{"self":[{"href":"https:\/\/www.sixt.de\/magazine\/wp-json\/wp\/v2\/pages\/10756","targetHints":{"allow":["GET"]}}],"collection":[{"href":"https:\/\/www.sixt.de\/magazine\/wp-json\/wp\/v2\/pages"}],"about":[{"href":"https:\/\/www.sixt.de\/magazine\/wp-json\/wp\/v2\/types\/page"}],"author":[{"embeddable":true,"href":"https:\/\/www.sixt.de\/magazine\/wp-json\/wp\/v2\/users\/10"}],"replies":[{"embeddable":true,"href":"https:\/\/www.sixt.de\/magazine\/wp-json\/wp\/v2\/comments?post=10756"}],"version-history":[{"count":0,"href":"https:\/\/www.sixt.de\/magazine\/wp-json\/wp\/v2\/pages\/10756\/revisions"}],"wp:featuredmedia":[{"embeddable":true,"href":"https:\/\/www.sixt.de\/magazine\/wp-json\/wp\/v2\/media\/10757"}],"wp:attachment":[{"href":"https:\/\/www.sixt.de\/magazine\/wp-json\/wp\/v2\/media?parent=10756"}],"curies":[{"name":"wp","href":"https:\/\/api.w.org\/{rel}","templated":true}]}}