{"id":10736,"date":"2024-02-06T08:12:51","date_gmt":"2024-02-06T08:12:51","guid":{"rendered":"https:\/\/www.sixt.de\/magazine\/?page_id=10736"},"modified":"2026-01-20T16:46:28","modified_gmt":"2026-01-20T16:46:28","slug":"sixt-agenturpartner-werden","status":"publish","type":"page","link":"https:\/\/www.sixt.de\/magazine\/sixt-agenturpartner-werden\/","title":{"rendered":"Werde Agenturpartner von SIXT"},"content":{"rendered":"\n<figure class=\"wp-block-image size-full is-resized\"><img decoding=\"async\" width=\"458\" height=\"306\" data-src=\"https:\/\/www.sixt.de\/magazine\/wp-content\/uploads\/\/sites\/2\/2024\/02\/Agenturpartner-SIXT-.png\" alt=\"Agenturpartner SIXT\" class=\"wp-image-10737 lazyload\" style=\"--smush-placeholder-width: 458px; --smush-placeholder-aspect-ratio: 458\/306;width:528px;height:auto\" data-srcset=\"https:\/\/www.sixt.de\/magazine\/wp-content\/uploads\/\/sites\/2\/2024\/02\/Agenturpartner-SIXT-.png 458w, https:\/\/www.sixt.de\/magazine\/wp-content\/uploads\/\/sites\/2\/2024\/02\/Agenturpartner-SIXT--300x200.png 300w\" data-sizes=\"(max-width: 458px) 100vw, 458px\" src=\"data:image\/svg+xml;base64,PHN2ZyB3aWR0aD0iMSIgaGVpZ2h0PSIxIiB4bWxucz0iaHR0cDovL3d3dy53My5vcmcvMjAwMC9zdmciPjwvc3ZnPg==\" \/><\/figure>\n\n\n\n<p><\/p>\n\n\n\n<p>SIXT ist ein weltweit agierender Mobilit\u00e4tskonzern mit \u00fcber 2.000 Stationen&nbsp;in 105 L\u00e4ndern.&nbsp;\u200b<\/p>\n\n\n\n<p>Unser Ziel ist es Erlebnisse zu schaffen und unsere Kunden&nbsp;zu begeistern, indem wir ihre Erwartungen \u00fcbertreffen. Ganz nach dem&nbsp;Motto EXPECT BETTER.&nbsp;\u200b<\/p>\n\n\n\n<p>Damit wir unseren Kunden deutschlandweit Mobilit\u00e4t bieten k\u00f6nnen,&nbsp;suchen wir Partner, die mit uns gemeinsam jeden Tag unsere Kunden&nbsp;begeistern und unseren Premium Anspruch teilen.\u200b<\/p>\n\n\n\n<h3 class=\"wp-block-heading\"><strong>UNSER AGENTURKONZEPT<\/strong><\/h3>\n\n\n\n<p>Unser Agenturkonzept ist kein klassisches Franchisekonzept. Du betreibst&nbsp;eigenst\u00e4ndig eine SIXT-Filiale in deinen Gewerber\u00e4umen und mit deinem&nbsp;Personal. Die Flotte bekommst Du von uns gestellt! Wir haben klare CI-Guidelines, damit unsere Kunden weltweit ein einheitliches&nbsp;Erscheinungsbild unserer Marke haben und unterst\u00fctzen dich im Sourcing&nbsp;unserer Stationsausstattung. Wir stellen Dir zudem unsere&nbsp;Vermietsoftware&nbsp;und IT-Systeme zur Verf\u00fcgung. Somit kannst du direkt losstarten!&nbsp;Provisioniert wirst Du prozentual am Umsatz!\u200b<\/p>\n\n\n\n<h3 class=\"wp-block-heading\"><strong>PROFITIERE VON<\/strong><\/h3>\n\n\n\n<ul class=\"wp-block-list\">\n<li><strong>EINER STARKEN MARKE &amp;&nbsp;EINZIGARTIGEN&nbsp;KAMPAGNEN<\/strong><\/li>\n\n\n\n<li><strong>UNSERER PREMIUM&nbsp;FLOTTE MIT PKW UND&nbsp;LKW<\/strong><\/li>\n\n\n\n<li><strong>SUPPORT DURCH&nbsp;ERFAHRENE SIXT&nbsp;MANAGER<\/strong><\/li>\n\n\n\n<li><strong>JAHRELANGER&nbsp;ERFAHRUNG UND&nbsp;REPUTATION<\/strong><\/li>\n\n\n\n<li><strong>ZUGANG ZU E-LEARNINGS, TRAININGS&nbsp;&amp; SEMINAREN<\/strong><\/li>\n\n\n\n<li><strong>INNOVATIVES&nbsp;VERMIETSYSTEM &amp;&nbsp;KOMPETENTER IT SUPPORT<\/strong><\/li>\n<\/ul>\n\n\n\n<div class=\"wp-block-group\"><div class=\"wp-block-group__inner-container is-layout-constrained wp-block-group-is-layout-constrained\">\n<h3 class=\"wp-block-heading\">\u200b<strong>DEIN PROFIL<\/strong>\u200b<\/h3>\n\n\n\n<ul class=\"wp-block-list\">\n<li>Hoher Anspruch an Qualit\u00e4t und Premium-Service\u200b<\/li>\n\n\n\n<li>Unternehmerisches Denken mit dem Du jeden Tag einen Teil zum&nbsp;Erfolg von SIXT beitr\u00e4gst\u200b<\/li>\n\n\n\n<li>Abgeschlossene kaufm\u00e4nnische Ausbildung oder ein&nbsp;betriebswirtschaftliches Studium\u200b<\/li>\n\n\n\n<li>Bereitschaft vorhandene Gewerber\u00e4ume im SIXT CI umzubauen\u200b<\/li>\n\n\n\n<li>Gewerbefl\u00e4chen in verkehrsg\u00fcnstiger &amp; sichtbarer Lage inkl.&nbsp;Parkfl\u00e4chen<\/li>\n<\/ul>\n\n\n\n<h3 class=\"wp-block-heading\"><strong>HIER SUCHEN WIR AKTUELL<\/strong>\u200b<\/h3>\n\n\n\n<h4 class=\"wp-block-heading\">Baden W\u00fcrttemberg<\/h4>\n\n\n\n<ul class=\"wp-block-list\">\n<li>Reutlingen<\/li>\n<\/ul>\n\n\n\n<h4 class=\"wp-block-heading\">Brandenburg<\/h4>\n\n\n\n<ul class=\"wp-block-list\">\n<li>Brandenburg Stadt<\/li>\n\n\n\n<li>Frankfurt a. Oder<\/li>\n\n\n\n<li>Oranienburg<\/li>\n\n\n\n<li>Weitere St\u00e4dte<\/li>\n<\/ul>\n\n\n\n<h4 class=\"wp-block-heading\">Mecklenburg-Vorpommern<\/h4>\n\n\n\n<ul class=\"wp-block-list\">\n<li>Wismar<\/li>\n\n\n\n<li>Weitere St\u00e4dte<\/li>\n<\/ul>\n\n\n\n<h4 class=\"wp-block-heading\">NRW<\/h4>\n\n\n\n<ul class=\"wp-block-list\">\n<li>Gummersbach<\/li>\n<\/ul>\n\n\n\n<h4 class=\"wp-block-heading\">Sachsen<\/h4>\n\n\n\n<ul class=\"wp-block-list\">\n<li>Bautzen<\/li>\n<\/ul>\n\n\n\n<p>Ist Deine Stadt nicht dabei? Dann kontaktiere uns gerne auch&nbsp;proaktiv!\u200b<\/p>\n\n\n\n<p>Willst du mit uns gemeinsam in die Selbstst\u00e4ndigkeit durchstarten&nbsp;oder dein Business erweitern? Dann komm jetzt auf uns zu!&nbsp;<\/p>\n\n\n\n<p><a href=\"mailto:expansion.DE@sixt.com\">expansion.DE@sixt.com<\/a><\/p>\n\n\n<\/div><\/div>\n<!-- AddThis Advanced Settings generic via filter on the_content --><!-- AddThis Share Buttons generic via filter on the_content -->","protected":false},"excerpt":{"rendered":"<p>SIXT ist ein weltweit agierender Mobilit\u00e4tskonzern mit \u00fcber 2.000 Stationen&nbsp;in 105 L\u00e4ndern.&nbsp;\u200b Unser Ziel ist es Erlebnisse zu schaffen und unsere Kunden&nbsp;zu begeistern, indem wir ihre Erwartungen \u00fcbertreffen. Ganz nach dem&nbsp;Motto EXPECT BETTER.&nbsp;\u200b Damit wir unseren Kunden deutschlandweit Mobilit\u00e4t bieten k\u00f6nnen,&nbsp;suchen wir Partner, die mit uns gemeinsam jeden Tag unsere Kunden&nbsp;begeistern und unseren Premium Anspruch&#8230;<!-- AddThis Advanced Settings generic via filter on get_the_excerpt --><!-- AddThis Share Buttons generic via filter on get_the_excerpt --><\/p>\n","protected":false},"author":10,"featured_media":10737,"parent":0,"menu_order":0,"comment_status":"closed","ping_status":"closed","template":"","meta":{"_genesis_hide_title":false,"_genesis_hide_breadcrumbs":false,"_genesis_hide_singular_image":false,"_genesis_hide_footer_widgets":false,"_genesis_custom_body_class":"","_genesis_custom_post_class":"","_genesis_layout":"","ngg_post_thumbnail":0,"footnotes":""},"class_list":{"0":"post-10736","1":"page","2":"type-page","3":"status-publish","4":"has-post-thumbnail","6":"entry"},"yoast_head":"<!-- This site is optimized with the Yoast SEO plugin v27.1.1 - https:\/\/yoast.com\/product\/yoast-seo-wordpress\/ -->\n<title>Werde Agenturpartner von SIXT - Sixt Magazine<\/title>\n<meta name=\"description\" content=\"Werde Partner von SIXT und betreibe eigenst\u00e4ndig eine Filiale in deinen Gewerber\u00e4umen mit Unterst\u00fctzung von SIXT. Profitiere von einer weltweit bekannten Marke und werde Teil des Erfolgs.\" \/>\n<meta name=\"robots\" content=\"index, follow, max-snippet:-1, max-image-preview:large, max-video-preview:-1\" \/>\n<link rel=\"canonical\" href=\"https:\/\/www.sixt.de\/magazine\/sixt-agenturpartner-werden\/\" \/>\n<meta property=\"og:locale\" content=\"de_DE\" \/>\n<meta property=\"og:type\" content=\"article\" \/>\n<meta property=\"og:title\" content=\"Werde Agenturpartner von SIXT - Sixt Magazine\" \/>\n<meta property=\"og:description\" content=\"Werde Partner von SIXT und betreibe eigenst\u00e4ndig eine Filiale in deinen Gewerber\u00e4umen mit Unterst\u00fctzung von SIXT. Profitiere von einer weltweit bekannten Marke und werde Teil des Erfolgs.\" \/>\n<meta property=\"og:url\" content=\"https:\/\/www.sixt.de\/magazine\/sixt-agenturpartner-werden\/\" \/>\n<meta property=\"og:site_name\" content=\"Sixt Magazine\" \/>\n<meta property=\"article:modified_time\" content=\"2026-01-20T16:46:28+00:00\" \/>\n<meta property=\"og:image\" content=\"https:\/\/www.sixt.de\/magazine\/wp-content\/uploads\/\/sites\/2\/2024\/02\/Agenturpartner-SIXT-.png\" \/>\n\t<meta property=\"og:image:width\" content=\"458\" \/>\n\t<meta property=\"og:image:height\" content=\"306\" \/>\n\t<meta property=\"og:image:type\" content=\"image\/png\" \/>\n<meta name=\"twitter:card\" content=\"summary_large_image\" \/>\n<meta name=\"twitter:label1\" content=\"Gesch\u00e4tzte Lesezeit\" \/>\n\t<meta name=\"twitter:data1\" content=\"3\u00a0Minuten\" \/>\n<!-- \/ Yoast SEO plugin. -->","yoast_head_json":{"title":"Werde Agenturpartner von SIXT - Sixt Magazine","description":"Werde Partner von SIXT und betreibe eigenst\u00e4ndig eine Filiale in deinen Gewerber\u00e4umen mit Unterst\u00fctzung von SIXT. Profitiere von einer weltweit bekannten Marke und werde Teil des Erfolgs.","robots":{"index":"index","follow":"follow","max-snippet":"max-snippet:-1","max-image-preview":"max-image-preview:large","max-video-preview":"max-video-preview:-1"},"canonical":"https:\/\/www.sixt.de\/magazine\/sixt-agenturpartner-werden\/","og_locale":"de_DE","og_type":"article","og_title":"Werde Agenturpartner von SIXT - Sixt Magazine","og_description":"Werde Partner von SIXT und betreibe eigenst\u00e4ndig eine Filiale in deinen Gewerber\u00e4umen mit Unterst\u00fctzung von SIXT. Profitiere von einer weltweit bekannten Marke und werde Teil des Erfolgs.","og_url":"https:\/\/www.sixt.de\/magazine\/sixt-agenturpartner-werden\/","og_site_name":"Sixt Magazine","article_modified_time":"2026-01-20T16:46:28+00:00","og_image":[{"width":458,"height":306,"url":"https:\/\/www.sixt.de\/magazine\/wp-content\/uploads\/\/sites\/2\/2024\/02\/Agenturpartner-SIXT-.png","type":"image\/png"}],"twitter_card":"summary_large_image","twitter_misc":{"Gesch\u00e4tzte Lesezeit":"3\u00a0Minuten"},"schema":{"@context":"https:\/\/schema.org","@graph":[{"@type":"WebPage","@id":"https:\/\/www.sixt.de\/magazine\/sixt-agenturpartner-werden\/","url":"https:\/\/www.sixt.de\/magazine\/sixt-agenturpartner-werden\/","name":"Werde Agenturpartner von SIXT - Sixt Magazine","isPartOf":{"@id":"https:\/\/www.sixt.de\/magazine\/#website"},"primaryImageOfPage":{"@id":"https:\/\/www.sixt.de\/magazine\/sixt-agenturpartner-werden\/#primaryimage"},"image":{"@id":"https:\/\/www.sixt.de\/magazine\/sixt-agenturpartner-werden\/#primaryimage"},"thumbnailUrl":"https:\/\/www.sixt.de\/magazine\/wp-content\/uploads\/\/sites\/2\/2024\/02\/Agenturpartner-SIXT-.png","datePublished":"2024-02-06T08:12:51+00:00","dateModified":"2026-01-20T16:46:28+00:00","description":"Werde Partner von SIXT und betreibe eigenst\u00e4ndig eine Filiale in deinen Gewerber\u00e4umen mit Unterst\u00fctzung von SIXT. Profitiere von einer weltweit bekannten Marke und werde Teil des Erfolgs.","breadcrumb":{"@id":"https:\/\/www.sixt.de\/magazine\/sixt-agenturpartner-werden\/#breadcrumb"},"inLanguage":"de","potentialAction":[{"@type":"ReadAction","target":["https:\/\/www.sixt.de\/magazine\/sixt-agenturpartner-werden\/"]}]},{"@type":"ImageObject","inLanguage":"de","@id":"https:\/\/www.sixt.de\/magazine\/sixt-agenturpartner-werden\/#primaryimage","url":"https:\/\/www.sixt.de\/magazine\/wp-content\/uploads\/\/sites\/2\/2024\/02\/Agenturpartner-SIXT-.png","contentUrl":"https:\/\/www.sixt.de\/magazine\/wp-content\/uploads\/\/sites\/2\/2024\/02\/Agenturpartner-SIXT-.png","width":458,"height":306,"caption":"Agenturpartner SIXT"},{"@type":"BreadcrumbList","@id":"https:\/\/www.sixt.de\/magazine\/sixt-agenturpartner-werden\/#breadcrumb","itemListElement":[{"@type":"ListItem","position":1,"name":"Startseite","item":"https:\/\/www.sixt.de\/magazine\/"},{"@type":"ListItem","position":2,"name":"Werde Agenturpartner von SIXT"}]},{"@type":"WebSite","@id":"https:\/\/www.sixt.de\/magazine\/#website","url":"https:\/\/www.sixt.de\/magazine\/","name":"SIXT Magazine","description":"Ratgeber &amp; Reisetipps von deinem Mobilit\u00e4tspartner SIXT","potentialAction":[{"@type":"SearchAction","target":{"@type":"EntryPoint","urlTemplate":"https:\/\/www.sixt.de\/magazine\/?s={search_term_string}"},"query-input":{"@type":"PropertyValueSpecification","valueRequired":true,"valueName":"search_term_string"}}],"inLanguage":"de"}]}},"_links":{"self":[{"href":"https:\/\/www.sixt.de\/magazine\/wp-json\/wp\/v2\/pages\/10736","targetHints":{"allow":["GET"]}}],"collection":[{"href":"https:\/\/www.sixt.de\/magazine\/wp-json\/wp\/v2\/pages"}],"about":[{"href":"https:\/\/www.sixt.de\/magazine\/wp-json\/wp\/v2\/types\/page"}],"author":[{"embeddable":true,"href":"https:\/\/www.sixt.de\/magazine\/wp-json\/wp\/v2\/users\/10"}],"replies":[{"embeddable":true,"href":"https:\/\/www.sixt.de\/magazine\/wp-json\/wp\/v2\/comments?post=10736"}],"version-history":[{"count":0,"href":"https:\/\/www.sixt.de\/magazine\/wp-json\/wp\/v2\/pages\/10736\/revisions"}],"wp:featuredmedia":[{"embeddable":true,"href":"https:\/\/www.sixt.de\/magazine\/wp-json\/wp\/v2\/media\/10737"}],"wp:attachment":[{"href":"https:\/\/www.sixt.de\/magazine\/wp-json\/wp\/v2\/media?parent=10736"}],"curies":[{"name":"wp","href":"https:\/\/api.w.org\/{rel}","templated":true}]}}